{"id":8101,"date":"2025-11-17T09:11:50","date_gmt":"2025-11-17T09:11:50","guid":{"rendered":"https:\/\/cmmp.es\/politica-de-cookies-copy\/"},"modified":"2025-11-17T09:25:36","modified_gmt":"2025-11-17T09:25:36","slug":"politica-de-privacidad","status":"publish","type":"page","link":"https:\/\/cmmp.es\/eng\/politica-de-privacidad\/","title":{"rendered":"politica de privacidad"},"content":{"rendered":"<div class=\"vc_row wpb_row vc_row-fluid\" ><div class=\"wpb_column vc_column_container vc_col-sm-12\"><div class=\"vc_column-inner\"><div class=\"wpb_wrapper\">\n\t<div class=\"wpb_text_column wpb_content_element\" >\n\t\t<div class=\"wpb_wrapper\">\n\t\t\t<p style=\"text-align: center;\"><span lang=\"es-ES\"><b>POL\u00cdTICA DE PRIVACIDAD<\/b><\/span><\/p>\n\n\t\t<\/div>\n\t<\/div>\n<div class=\"vc_empty_space\"   style=\"height: 50px\"><span class=\"vc_empty_space_inner\"><\/span><\/div><\/div><\/div><\/div><\/div><div class=\"vc_row wpb_row vc_row-fluid\" ><div class=\"wpb_column vc_column_container vc_col-sm-12\"><div class=\"vc_column-inner\"><div class=\"wpb_wrapper\">\n\t<div class=\"wpb_text_column wpb_content_element\" >\n\t\t<div class=\"wpb_wrapper\">\n\t\t\t<p class=\"western\" lang=\"en-US\" align=\"justify\"><span style=\"font-family: Calibri, sans-serif;\"><span style=\"font-size: medium;\"><span lang=\"es-ES\">En cumplimiento de lo dispuesto en el Reglamento (UE) 2016\/679 (Reglamento General de Protecci\u00f3n de Datos \u2013 RGPD) y la Ley Org\u00e1nica 3\/2018 (LOPDGDD), se informa de lo siguiente:<\/span><\/span><\/span><\/p>\n<p class=\"western\" lang=\"en-US\" align=\"justify\"><span style=\"font-family: Calibri, sans-serif;\"><span style=\"font-size: medium;\"><span lang=\"es-ES\">Responsable del tratamiento.<\/span><\/span><\/span><\/p>\n<p class=\"western\" lang=\"en-US\" align=\"justify\"><span style=\"font-family: Calibri, sans-serif;\"><span style=\"font-size: medium;\"><span lang=\"es-ES\">CARDONA MART\u00cdN MOLINA Y PLAZA ARQUITECTOS ASOCIADOS, S.L.P.<\/span><\/span><\/span><\/p>\n<p class=\"western\" lang=\"en-US\" align=\"justify\"><span style=\"font-family: Calibri, sans-serif;\"><span style=\"font-size: medium;\"><span lang=\"es-ES\">C.I.F.: B73609257<\/span><\/span><\/span><\/p>\n<p class=\"western\" lang=\"en-US\" align=\"justify\"><span style=\"font-family: Calibri, sans-serif;\"><span style=\"font-size: medium;\"><span lang=\"es-ES\">Domicilio: C\/ Pintor Manuel Avellaneda 1, 1\u00ba Centro, 30001, Murcia<\/span><\/span><\/span><\/p>\n<p class=\"western\" lang=\"en-US\" align=\"justify\"><span style=\"font-family: Calibri, sans-serif;\"><span style=\"font-size: medium;\"><span lang=\"es-ES\">Correo: <\/span><\/span><\/span><span style=\"color: #0000ff;\"><u><a href=\"mailto:cmmp@cmmp.es\"><span style=\"font-family: Calibri, sans-serif;\"><span style=\"font-size: medium;\"><span lang=\"es-ES\">cmmp@cmmp.es<\/span><\/span><\/span><\/a><\/u><\/span><\/p>\n<p class=\"western\" lang=\"en-US\" align=\"justify\"><span style=\"font-family: Calibri, sans-serif;\"><span style=\"font-size: medium;\"><span lang=\"es-ES\">Tel\u00e9fono: 968 241 850<\/span><\/span><\/span><\/p>\n<p class=\"western\" lang=\"en-US\" align=\"justify\"><span style=\"font-family: Calibri, sans-serif;\"><span style=\"font-size: medium;\"><span lang=\"es-ES\">Finalidad del tratamiento.<\/span><\/span><\/span><\/p>\n<p class=\"western\" lang=\"en-US\" align=\"justify\"><span style=\"font-family: Calibri, sans-serif;\"><span style=\"font-size: medium;\"><span lang=\"es-ES\">La web www.cmmp.es tiene car\u00e1cter meramente informativo. No se recogen datos personales a trav\u00e9s de formularios ni se almacenan datos de los usuarios. El \u00fanico canal de contacto disponible es el correo electr\u00f3nico cmmp@cmmp.es, utilizado exclusivamente para atender las solicitudes o consultas recibidas.<\/span><\/span><\/span><\/p>\n<p class=\"western\" lang=\"en-US\" align=\"justify\"><span style=\"font-family: Calibri, sans-serif;\"><span style=\"font-size: medium;\"><span lang=\"es-ES\">Legitimaci\u00f3n.<\/span><\/span><\/span><\/p>\n<p class=\"western\" lang=\"en-US\" align=\"justify\"><span style=\"font-family: Calibri, sans-serif;\"><span style=\"font-size: medium;\"><span lang=\"es-ES\">El tratamiento de los datos, en caso de que se reciban por correo electr\u00f3nico, se basa en el consentimiento del usuario y en el inter\u00e9s leg\u00edtimo del responsable para responder a la consulta.<\/span><\/span><\/span><\/p>\n<p class=\"western\" lang=\"en-US\" align=\"justify\"><span style=\"font-family: Calibri, sans-serif;\"><span style=\"font-size: medium;\"><span lang=\"es-ES\">Destinatarios<br \/>\nNo se ceden datos a terceros, salvo obligaci\u00f3n legal.<\/span><\/span><\/span><\/p>\n<p class=\"western\" lang=\"en-US\" align=\"justify\"><span style=\"font-family: Calibri, sans-serif;\"><span style=\"font-size: medium;\"><span lang=\"es-ES\">Derecho.<\/span><\/span><\/span><\/p>\n<p class=\"western\" lang=\"en-US\" align=\"justify\"><span style=\"font-family: Calibri, sans-serif;\"><span style=\"font-size: medium;\"><span lang=\"es-ES\">Los usuarios pueden ejercer los derechos de acceso, rectificaci\u00f3n, supresi\u00f3n, limitaci\u00f3n y oposici\u00f3n enviando una comunicaci\u00f3n al correo cmmp@cmmp.es, indicando el derecho que desean ejercer y acreditando su identidad.<\/span><\/span><\/span><\/p>\n<p class=\"western\" lang=\"en-US\" align=\"justify\"><span style=\"font-family: Calibri, sans-serif;\"><span style=\"font-size: medium;\"><span lang=\"es-ES\">Conservaci\u00f3n de los datos.<\/span><\/span><\/span><\/p>\n<p class=\"western\" lang=\"en-US\" align=\"justify\"><span style=\"font-family: Calibri, sans-serif;\"><span style=\"font-size: medium;\"><span lang=\"es-ES\">Los datos personales que se reciban por correo electr\u00f3nico ser\u00e1n conservados \u00fanicamente durante el tiempo necesario para atender la consulta o solicitud.<\/span><\/span><\/span><\/p>\n<p>!<\/p>\n\n\t\t<\/div>\n\t<\/div>\n<\/div><\/div><\/div><\/div>","protected":false},"excerpt":{"rendered":"POL\u00cdTICA DE PRIVACIDAD En cumplimiento de lo dispuesto en el Reglamento (UE) 2016\/679 (Reglamento General de Protecci\u00f3n de Datos \u2013 RGPD) y la Ley Org\u00e1nica 3\/2018 (LOPDGDD), se informa de lo siguiente: Responsable del tratamiento. CARDONA MART\u00cdN MOLINA Y PLAZA [...]","protected":false},"author":1,"featured_media":0,"parent":0,"menu_order":0,"comment_status":"closed","ping_status":"closed","template":"","meta":[],"_links":{"self":[{"href":"https:\/\/cmmp.es\/eng\/wp-json\/wp\/v2\/pages\/8101"}],"collection":[{"href":"https:\/\/cmmp.es\/eng\/wp-json\/wp\/v2\/pages"}],"about":[{"href":"https:\/\/cmmp.es\/eng\/wp-json\/wp\/v2\/types\/page"}],"author":[{"embeddable":true,"href":"https:\/\/cmmp.es\/eng\/wp-json\/wp\/v2\/users\/1"}],"replies":[{"embeddable":true,"href":"https:\/\/cmmp.es\/eng\/wp-json\/wp\/v2\/comments?post=8101"}],"version-history":[{"count":3,"href":"https:\/\/cmmp.es\/eng\/wp-json\/wp\/v2\/pages\/8101\/revisions"}],"predecessor-version":[{"id":8113,"href":"https:\/\/cmmp.es\/eng\/wp-json\/wp\/v2\/pages\/8101\/revisions\/8113"}],"wp:attachment":[{"href":"https:\/\/cmmp.es\/eng\/wp-json\/wp\/v2\/media?parent=8101"}],"curies":[{"name":"wp","href":"https:\/\/api.w.org\/{rel}","templated":true}]}}